{"id":9602,"date":"2019-08-08T07:33:19","date_gmt":"2019-08-08T07:33:19","guid":{"rendered":"https:\/\/imunteanu.com\/?page_id=9602"},"modified":"2019-10-09T11:29:30","modified_gmt":"2019-10-09T08:29:30","slug":"terms-and-conditions","status":"publish","type":"page","link":"https:\/\/imunteanu.com\/ro\/terms-and-conditions\/","title":{"rendered":"Termeni \u0219i condi\u021bii"},"content":{"rendered":"<div id=\"pl-gb9602-69f2c7c13dc12\"  class=\"panel-layout\" ><div id=\"pg-gb9602-69f2c7c13dc12-0\"  class=\"panel-grid panel-has-style\" ><div class=\"panel-row-style panel-row-style-for-gb9602-69f2c7c13dc12-0\" ><div id=\"pgc-gb9602-69f2c7c13dc12-0-0\"  class=\"panel-grid-cell\" ><div id=\"panel-gb9602-69f2c7c13dc12-0-0-0\" class=\"so-panel widget widget_heading panel-first-child panel-last-child\" data-index=\"0\" ><div class=\"thim-widget-heading template-base\"><div class=\"sc_heading   text-left\"><h3 class=\"title\">Termeni \u0219i condi\u021bii<\/h3><span style=\"background-color:#2893c9\" class=\"line\"><\/span><\/div><\/div><\/div><\/div><\/div><\/div><\/div>\n\n<p><strong>1. Prin utilizarea acestui site web, sunte\u021bi de acord cu ace\u0219ti termeni de utilizare.<\/strong><\/p>\n<p>Accesul \u0219i utilizarea acestui site web sunt supuse urm\u0103torilor termeni \u0219i condi\u021bii de utilizare \u0219i tuturor legilor \u0219i reglement\u0103rilor aplicabile. Acces\u00e2nd \u0219i utiliz\u00e2nd site-ul web, accepta\u021bi, f\u0103r\u0103 limitare sau calificare, ace\u0219ti termeni \u0219i recunoa\u0219te\u021bi c\u0103 orice alte acorduri \u00eentre dvs. \u0219i Pan Development S.R.L. se \u00eenlocuiesc cu prevederile acestor termeni \u0219i condi\u021bii. Dac\u0103 nu sunte\u021bi de acord sau nu accepta\u021bi, f\u0103r\u0103 limit\u0103ri sau calific\u0103ri, Termenii de utilizare a acestui site, v\u0103 rug\u0103m s\u0103 p\u0103r\u0103si\u021bi acest site.<\/p>\n<p><strong>2. Proprietatea con\u021binutului<\/strong><\/p>\n<p>Site-ul web \u0219i con\u021binutul acestuia, inclusiv f\u0103r\u0103 limitare toate textele \u0219i imaginile (\u201econ\u021binut\u201d) sunt de\u021binute \u0219i autorizate de Pan Development SRL, cu toate drepturile rezervate, cu excep\u021bia cazului \u00een care se specific\u0103 altfel. Orice con\u021binut format dintr-o marc\u0103, logo sau marc\u0103 de serviciu este o marc\u0103 \u00eenregistrat\u0103 \u0219i ne\u00eenregistrat\u0103 a Pan Development S.R.L. Este strict interzis\u0103 utilizarea oric\u0103ror con\u021binut, cu excep\u021bia celor prev\u0103zute \u00een condi\u021biile de utilizare, f\u0103r\u0103 permisiunea scris\u0103 a proprietarului \u201econ\u021binutului\u201d. V\u0103 inform\u0103m, de asemenea, c\u0103 Pan Development S.R.L. va pune \u00een aplicare \u00een condi\u021bii de siguran\u021b\u0103 \u0219i ferm recunoa\u0219terea drepturilor de proprietate intelectual\u0103 \u00een conformitate cu legile aplicabile \u0219i, dac\u0103 este necesar, va judeca pe cei g\u0103si\u021bi vinova\u021bi de \u00eenc\u0103lcarea drepturilor de proprietate intelectual\u0103 prin intermediul instan\u021belor penale.<\/p>\n<p><strong>3. Utilizarea Site-ului<\/strong><\/p>\n<p>Pan Development S.R.L. acord\u0103 permisiunea de a utiliza site-ul Web \u00een urm\u0103toarele condi\u021bii:<\/p>\n<p>Nu pute\u021bi modifica, copia (cu excep\u021bia celor men\u021bionate mai sus), a transmite, afi\u0219a, reutiliza, reproduce, publica, licen\u021ba, acorda o licen\u021b\u0103 de utilizare, a crea lucr\u0103ri derivate din sau a transfera, vinde sau utiliza con\u021binutul, f\u0103r\u0103 acordul prealabil scris al Pan Development SRL;<\/p>\n<p>Este interzis\u0103 utilizarea site-ului Web pentru a afi\u0219a sau a transmite orice material amenin\u021b\u0103tor, fals, \u00een\u0219el\u0103tor, abuziv, h\u0103r\u021buitor, calomniu, vulgar, obscen, scandalos, incitant, pornografic sau profan sau orice alt tip de material care poate constitui sau \u00eencuraja conduit\u0103 care ar putea da na\u0219tere unei infrac\u021biuni sau ar putea duce la r\u0103spundere civil\u0103 sau ar \u00eencalca legea. Pan Development S.R.L. va coopera cu orice autoritate desemnat\u0103 pentru aplicarea legii \u0219i respectarea oric\u0103rei ordonan\u021be judec\u0103tore\u0219ti care solicit\u0103 sau comand\u0103 Pan Development S.R.L. s\u0103 dezv\u0103luie identitatea oric\u0103rei persoane care ar afi\u0219a sau ar transmite orice astfel de informa\u021bii sau materiale pe sau prin intermediul site-ului.<\/p>\n<p>Sunte\u021bi de acord c\u0103 Pan Development S.R.L., la discre\u021bia sa, \u00eenceteaz\u0103 sau \u00eentrerupe utilizarea site-ului dvs. cu \u00eenc\u0103lcarea Termenilor de utilizare. \u00cen momentul suspend\u0103rii sau \u00eencet\u0103rii, trebuie s\u0103:<\/p>\n<p>(a) opri\u021bi utilizarea site-ului \u0219i<br \/>(b) distruge orice copie f\u0103cut\u0103 dup\u0103 orice parte a con\u021binutului acesteia.<\/p>\n<p>Nu ve\u021bi considera Compania r\u0103spunz\u0103toare pentru daune, cheltuieli, datorii, cheltuieli (inclusiv onorariile avoca\u021bilor) \u0219i sume pentru orice proces, revendicare sau ac\u021biune depus\u0103 de o ter\u021b\u0103 parte \u00eempotriva Companiei ca urmare a<br \/>(a) neglijen\u021b\u0103, prezentare gre\u0219it\u0103, eroare sau omisiune din partea dvs. sau<br \/>(b) \u00eenc\u0103lcarea de c\u0103tre dvs. a Termenilor de utilizare \u0219i a legilor sau regulamentelor aplicabile.<\/p>\n<p><strong>4. Confiden\u021bialitate<\/strong><\/p>\n<p>Orice date personale, cum ar fi numele, adresa, num\u0103rul de telefon sau adresa de e-mail pe care le trimite\u021bi site-ului, prin e-mail sau \u00een alt mod, vor fi utilizate \u00een conformitate cu Politica de confiden\u021bialitate.<\/p>\n<p><strong>5. Lipsa garan\u021biilor<\/strong><\/p>\n<p>\u00centregul con\u021binut al acestui site web poate fi modificat \u0219i furnizat \u201ea\u0219a cum este\u201d f\u0103r\u0103 nici o garan\u021bie de niciun fel, expres sau implicit.<\/p>\n<p><strong>6. Exonerarea r\u0103spunderii<\/strong><\/p>\n<p>Utilizarea acestui site web este exclusiv pe riscul dvs. Pan Development SRL, ofi\u021berii, directorii, agen\u021biile sau orice alt\u0103 parte implicat\u0103 \u00een proiectarea, fabricarea sau furnizarea site-ului Web nu sunt responsabile pentru daunele directe sau indirecte de orice fel care apar din sau \u00een leg\u0103tur\u0103 cu utilizarea acestui site sau a acestuia con\u0163inut.<\/p>\n<p>Pan Development SRL nu \u00ee\u0219i asum\u0103 nicio r\u0103spundere \u0219i nu va fi r\u0103spunz\u0103tor pentru pagubele sau viru\u0219ii care ar putea infecta computerul sau alte propriet\u0103\u021bi ca urmare a acces\u0103rii sau utiliz\u0103rii acestui site sau a desc\u0103rc\u0103rii de orice material, informa\u021bie, text, video sau audio de pe acest site.<\/p>\n<p><strong>7. Politica privind cookie-urile<\/strong><\/p>\n<p>Un cookie este un fi\u0219ier text care con\u021bine buc\u0103\u021bi de date colectate atunci c\u00e2nd vizita\u021bi un site web. Este conceput pentru a ajuta site-urile web s\u0103 identifice activitatea utilizatorului trecut. Aceasta poate include urm\u0103rirea dac\u0103 a\u021bi f\u0103cut clic pe linkuri sau pagini speciale, indiferent dac\u0103 sunte\u021bi autentificat \u00een profilul dvs. sau dac\u0103 a\u021bi citit anumite pagini pe o perioad\u0103 de c\u00e2teva luni.<\/p>\n<p>Exist\u0103 diferite tipuri de cookie-uri \u0219i f\u0103r\u0103 ele, site-urile web nu ar putea func\u021biona \u00een modul \u00een care ai folosit.<\/p>\n<p>Vom explica ce tipuri de cookie-uri sunt utilizate pe acest site web, astfel \u00eenc\u00e2t s\u0103 pute\u021bi decide dac\u0103 sunte\u021bi mul\u021bumit dac\u0103 dori\u021bi s\u0103 \u0219terge\u021bi cookie-urile existente sau chiar s\u0103 dezactiva\u021bi cookie-urile atunci c\u00e2nd vizualiza\u021bi site-ul nostru web.<\/p>\n<p>Ce tip de cookie-uri sunt utilizate:<\/p>\n<p><strong>Cookie-urile strict necesare<\/strong><\/p>\n<p>Acestea sunt cookie-uri esen\u021biale care v\u0103 permit s\u0103 naviga\u021bi pe site-ul nostru \u0219i s\u0103 folosi\u021bi caracteristicile acestuia. Aceste cookie-uri nu colecteaz\u0103 informa\u021bii despre dvs. care ar putea fi utilizate pentru publicitate sau pentru \u00eenregistrarea activit\u0103\u021bii dvs. pe internet.<\/p>\n<p><strong>Cookie-uri performante<\/strong><\/p>\n<p>Colecteaz\u0103 informa\u021bii despre modul \u00een care utiliza\u021bi site-ul, ce pagini sunt vizualizate cel mai des \u0219i dac\u0103 \u00eent\u00e2lni\u021bi mesaje de eroare. Nu colecteaz\u0103 informa\u021bii care v\u0103 pot identifica, toate datele fiind anonime. Cookie-urile performante sunt folosite doar pentru a \u00eembun\u0103t\u0103\u021bi modul \u00een care func\u021bioneaz\u0103 site-ul.<\/p>\n<p><strong>Cookie-uri cu func\u021bionalitate<\/strong><\/p>\n<p>\u00cenregistreaz\u0103 alegerile dvs. (cum ar fi limba preferat\u0103) \u0219i v\u0103 ofer\u0103 func\u021bii de utilizare personalizate. Acestea pot \u00eenregistra modific\u0103rile pe care le-a\u021bi f\u0103cut pe site. Informa\u021biile pe care le colecteaz\u0103 pot fi anonime. Ele se refer\u0103 strict la site-ul nostru web \u0219i nu pot urm\u0103ri alte site-uri web pe care le vizita\u021bi.<\/p>\n<p>Colecteaz\u0103 informa\u021bii despre modul \u00een care utiliza\u021bi site-ul, ce pagini sunt vizualizate cel mai des \u0219i dac\u0103 \u00eent\u00e2lni\u021bi mesaje de eroare. Nu colecteaz\u0103 informa\u021bii care v\u0103 pot identifica, toate datele fiind anonime. Cookie-urile performante sunt folosite doar pentru a \u00eembun\u0103t\u0103\u021bi modul \u00een care func\u021bioneaz\u0103 site-ul.<\/p>\n<p>Cookie-uri cu func\u021bionalitate<\/p>\n<p>\u00cenregistreaz\u0103 alegerile dvs. (cum ar fi limba preferat\u0103) \u0219i v\u0103 ofer\u0103 func\u021bii de utilizare personalizate. Acestea pot \u00eenregistra modific\u0103rile pe care le-a\u021bi f\u0103cut pe site. Informa\u021biile pe care le colecteaz\u0103 pot fi anonime. Ele se refer\u0103 strict la site-ul nostru web \u0219i nu pot urm\u0103ri alte site-uri web pe care le vizita\u021bi.<\/p>\n<p><strong>Cookie-uri de direc\u021bionare<\/strong><\/p>\n<p>Acestea v\u0103 ofer\u0103 anun\u021buri sau mesaje relevante \u00een func\u021bie de interesele dvs. Uneori, cookie-urile de direc\u021bionare sunt legate de alte site-uri, cum ar fi Facebook.<\/p>\n<p>Cele patru categorii de cookie-uri sunt clasificate fie temporare (cookie-uri \u201ede sesiune), fie pe termen mai lung (\u201e cookie-uri permanente \u201d).<\/p>\n<p>Cookie-urile \u201esesiune\u201d \u00eenregistreaz\u0103 ac\u021biunile dvs. \u00eentr-o singur\u0103 sesiune de navigare. Aceast\u0103 \u201esesiune\u201d \u00eencepe c\u00e2nd pagina este deschis\u0103 \u0219i se \u00eencheie c\u00e2nd este \u00eenchis\u0103. Apoi cookie-urile sunt \u0219terse pentru totdeauna.<\/p>\n<p>Cookie-urile \u201epermanente\u201d sunt cele care stau pe telefonul sau computerul dvs. o anumit\u0103 perioad\u0103 de timp. Acestea sunt activate automat c\u00e2nd vizita\u021bi din nou un anumit site.<\/p>\n<p><strong>\u0218terge\u021bi cookie-urile<\/strong><\/p>\n<p>Dac\u0103 nu sunte\u021bi mul\u021bumit de utilizarea cookie-urilor de pe acest site web, le pute\u021bi \u0219terge cu u\u0219urin\u021b\u0103 din browser. Pute\u021bi, de asemenea, s\u0103 seta\u021bi browserul s\u0103 blocheze cookie-urile sau s\u0103 afi\u0219eze un avertisment \u00eenainte ca un cookie s\u0103 fie stocat pe computer.<\/p>\n<p><strong>8. Revizuiri ale acestor termeni \u0219i condi\u021bii<\/strong><\/p>\n<p>Pan Development S.R.L poate, \u00een orice moment \u0219i f\u0103r\u0103 notificare prealabil\u0103, s\u0103 revizuiasc\u0103 ace\u0219ti termeni \u0219i condi\u021bii prin actualizarea acestora. Vi se solicit\u0103 s\u0103 respecta\u021bi toate revizuirile \u0219i de aceea trebuie s\u0103 vizita\u021bi periodic aceast\u0103 pagin\u0103 a site-ului nostru pentru a \u00een\u021belege termenii de utilizare actualiza\u021bi.<\/p>\n<p><strong>Legisla\u021bie \u0219i jurisdic\u021bie aplicabil\u0103<\/strong><\/p>\n<p>Ace\u0219ti termeni \u0219i condi\u021bii \u0219i utilizarea acestui site web sunt reglementate de legile Rom\u00e2niei. Instan\u021bele competente din Rom\u00e2nia vor avea jurisdic\u021bie exclusiv\u0103 cu privire la orice litigii care decurg din sau referitoare la sau legate de condi\u021biile de utilizare \u0219i \/ sau con\u021binutul site-ului sau litigiile \u00een care ace\u0219ti termeni \u0219i condi\u021bii \u0219i \/ sau acest site web vor fi luate \u00een considerare fapte relevante pentru astfel de dispute.<\/p>\n\n<div id=\"pl-gb9602-69f2c7c13e43a\"  class=\"panel-layout\" ><div id=\"pg-gb9602-69f2c7c13e43a-0\"  class=\"panel-grid panel-no-style\" ><div id=\"pgc-gb9602-69f2c7c13e43a-0-0\"  class=\"panel-grid-cell\" ><div id=\"panel-gb9602-69f2c7c13e43a-0-0-0\" class=\"so-panel widget widget_empty-space panel-first-child panel-last-child\" data-index=\"0\" ><div class=\"thim-widget-empty-space template-base\"><div class=\"empty_space\" style=\"height:40px\"><\/div><\/div><\/div><\/div><\/div><\/div>","protected":false},"excerpt":{"rendered":"<p>1. Prin utilizarea acestui site web, sunte\u021bi de acord cu ace\u0219ti termeni de utilizare. Accesul \u0219i utilizarea acestui site web sunt supuse urm\u0103torilor termeni \u0219i condi\u021bii de utilizare \u0219i tuturor legilor \u0219i reglement\u0103rilor aplicabile. Acces\u00e2nd \u0219i utiliz\u00e2nd site-ul web, accepta\u021bi, [&hellip;]<\/p>\n","protected":false},"author":2,"featured_media":0,"parent":0,"menu_order":0,"comment_status":"closed","ping_status":"closed","template":"page-templates\/homepage.php","meta":{"footnotes":""},"class_list":["post-9602","page","type-page","status-publish","hentry"],"yoast_head":"<!-- This site is optimized with the Yoast SEO plugin v23.2 - https:\/\/yoast.com\/wordpress\/plugins\/seo\/ -->\n<title>Termeni \u0219i condi\u021bii - (ro) iMunteanu.com<\/title>\n<meta name=\"robots\" content=\"index, follow, max-snippet:-1, max-image-preview:large, max-video-preview:-1\" \/>\n<link rel=\"canonical\" href=\"https:\/\/imunteanu.com\/ro\/terms-and-conditions\/\" \/>\n<meta property=\"og:locale\" content=\"ro_RO\" \/>\n<meta property=\"og:type\" content=\"article\" \/>\n<meta property=\"og:title\" content=\"Termeni \u0219i condi\u021bii - (ro) iMunteanu.com\" \/>\n<meta property=\"og:description\" content=\"1. Prin utilizarea acestui site web, sunte\u021bi de acord cu ace\u0219ti termeni de utilizare. Accesul \u0219i utilizarea acestui site web sunt supuse urm\u0103torilor termeni \u0219i condi\u021bii de utilizare \u0219i tuturor legilor \u0219i reglement\u0103rilor aplicabile. Acces\u00e2nd \u0219i utiliz\u00e2nd site-ul web, accepta\u021bi, [&hellip;]\" \/>\n<meta property=\"og:url\" content=\"https:\/\/imunteanu.com\/ro\/terms-and-conditions\/\" \/>\n<meta property=\"og:site_name\" content=\"(ro) iMunteanu.com\" \/>\n<meta property=\"article:publisher\" content=\"https:\/\/www.facebook.com\/irmunteanu\/\" \/>\n<meta property=\"article:modified_time\" content=\"2019-10-09T08:29:30+00:00\" \/>\n<meta name=\"twitter:card\" content=\"summary_large_image\" \/>\n<meta name=\"twitter:site\" content=\"@imunteanu\" \/>\n<meta name=\"twitter:label1\" content=\"Timp estimat pentru citire\" \/>\n\t<meta name=\"twitter:data1\" content=\"8 minute\" \/>\n<script type=\"application\/ld+json\" class=\"yoast-schema-graph\">{\"@context\":\"https:\/\/schema.org\",\"@graph\":[{\"@type\":\"WebPage\",\"@id\":\"https:\/\/imunteanu.com\/ro\/terms-and-conditions\/\",\"url\":\"https:\/\/imunteanu.com\/ro\/terms-and-conditions\/\",\"name\":\"Termeni \u0219i condi\u021bii - (ro) iMunteanu.com\",\"isPartOf\":{\"@id\":\"https:\/\/imunteanu.com\/ro\/#website\"},\"datePublished\":\"2019-08-08T07:33:19+00:00\",\"dateModified\":\"2019-10-09T08:29:30+00:00\",\"breadcrumb\":{\"@id\":\"https:\/\/imunteanu.com\/ro\/terms-and-conditions\/#breadcrumb\"},\"inLanguage\":\"ro-RO\",\"potentialAction\":[{\"@type\":\"ReadAction\",\"target\":[\"https:\/\/imunteanu.com\/ro\/terms-and-conditions\/\"]}]},{\"@type\":\"BreadcrumbList\",\"@id\":\"https:\/\/imunteanu.com\/ro\/terms-and-conditions\/#breadcrumb\",\"itemListElement\":[{\"@type\":\"ListItem\",\"position\":1,\"name\":\"Home\",\"item\":\"https:\/\/imunteanu.com\/ro\/\"},{\"@type\":\"ListItem\",\"position\":2,\"name\":\"Termeni \u0219i condi\u021bii\"}]},{\"@type\":\"WebSite\",\"@id\":\"https:\/\/imunteanu.com\/ro\/#website\",\"url\":\"https:\/\/imunteanu.com\/ro\/\",\"name\":\"iMunteanu.com\",\"description\":\"\",\"publisher\":{\"@id\":\"https:\/\/imunteanu.com\/ro\/#\/schema\/person\/601f4f83c3d8535440cd02b96b7be132\"},\"potentialAction\":[{\"@type\":\"SearchAction\",\"target\":{\"@type\":\"EntryPoint\",\"urlTemplate\":\"https:\/\/imunteanu.com\/ro\/?s={search_term_string}\"},\"query-input\":\"required name=search_term_string\"}],\"inLanguage\":\"ro-RO\"},{\"@type\":[\"Person\",\"Organization\"],\"@id\":\"https:\/\/imunteanu.com\/ro\/#\/schema\/person\/601f4f83c3d8535440cd02b96b7be132\",\"name\":\"Ionu\u021b Radu Munteanu\",\"image\":{\"@type\":\"ImageObject\",\"inLanguage\":\"ro-RO\",\"@id\":\"https:\/\/imunteanu.com\/ro\/#\/schema\/person\/image\/\",\"url\":\"https:\/\/secure.gravatar.com\/avatar\/50d58aa9761d409246e1243accf6d2c431c9e938d60f4013cdbe8040b278b25f?s=96&d=mm&r=g\",\"contentUrl\":\"https:\/\/secure.gravatar.com\/avatar\/50d58aa9761d409246e1243accf6d2c431c9e938d60f4013cdbe8040b278b25f?s=96&d=mm&r=g\",\"caption\":\"Ionu\u021b Radu Munteanu\"},\"logo\":{\"@id\":\"https:\/\/imunteanu.com\/ro\/#\/schema\/person\/image\/\"},\"description\":\"Cu o experien\u021b\u0103 de peste 15 ani \u015fi peste 20,000 ore de lucru \u00een Digital Marketing, 4 companii \u00eenfiin\u021bate \u0219i active \u00een pia\u021ba, m-am str\u0103duit constant s\u0103 construiesc sisteme care s\u0103 ajute oamenii s\u0103-\u015fi valorifice pasiunea. \u00cen tot acest timp, am ajutat mai mult de 500 companii s\u0103 \u00ee\u015fi creasc\u0103 cifra de afaceri \u015fi clientela. Am mentorat \u0219i contribuit la dezvoltarea a peste 50 de profesioni\u015fti, \u00eendrum\u00e2ndu-i \u00een cariera lor \u00een Digital Marketing pe care au ales-o. Am fondat agen\u021bia de performance media, WebDigital \u0219i am fondat \u0219i lansat solutia SaaS Reefkig. Sunt membru \u00een consiliul director IAB Romania \u0219i \u00een consiliul director CEE Digital Alliance. \u00cemi doresc s\u0103 asist \u00een dezvoltarea competen\u021belor \u00een pia\u021ba de digital marketing din Rom\u00e2nia, at\u00e2t pe speciali\u0219ti, c\u00e2t \u0219i pe antreprenori.\",\"sameAs\":[\"https:\/\/www.imunteanu.com\",\"https:\/\/www.facebook.com\/irmunteanu\/\",\"https:\/\/www.instagram.com\/follow.imunteanu\/\",\"https:\/\/www.linkedin.com\/in\/imunteanu\/\",\"https:\/\/x.com\/imunteanu\",\"https:\/\/www.youtube.com\/channel\/UCW-fUwa8k8DZRlc85LT8ePA\",\"https:\/\/soundcloud.com\/user-228862969\"]}]}<\/script>\n<!-- \/ Yoast SEO plugin. -->","yoast_head_json":{"title":"Termeni \u0219i condi\u021bii - (ro) iMunteanu.com","robots":{"index":"index","follow":"follow","max-snippet":"max-snippet:-1","max-image-preview":"max-image-preview:large","max-video-preview":"max-video-preview:-1"},"canonical":"https:\/\/imunteanu.com\/ro\/terms-and-conditions\/","og_locale":"ro_RO","og_type":"article","og_title":"Termeni \u0219i condi\u021bii - (ro) iMunteanu.com","og_description":"1. Prin utilizarea acestui site web, sunte\u021bi de acord cu ace\u0219ti termeni de utilizare. Accesul \u0219i utilizarea acestui site web sunt supuse urm\u0103torilor termeni \u0219i condi\u021bii de utilizare \u0219i tuturor legilor \u0219i reglement\u0103rilor aplicabile. Acces\u00e2nd \u0219i utiliz\u00e2nd site-ul web, accepta\u021bi, [&hellip;]","og_url":"https:\/\/imunteanu.com\/ro\/terms-and-conditions\/","og_site_name":"(ro) iMunteanu.com","article_publisher":"https:\/\/www.facebook.com\/irmunteanu\/","article_modified_time":"2019-10-09T08:29:30+00:00","twitter_card":"summary_large_image","twitter_site":"@imunteanu","twitter_misc":{"Timp estimat pentru citire":"8 minute"},"schema":{"@context":"https:\/\/schema.org","@graph":[{"@type":"WebPage","@id":"https:\/\/imunteanu.com\/ro\/terms-and-conditions\/","url":"https:\/\/imunteanu.com\/ro\/terms-and-conditions\/","name":"Termeni \u0219i condi\u021bii - (ro) iMunteanu.com","isPartOf":{"@id":"https:\/\/imunteanu.com\/ro\/#website"},"datePublished":"2019-08-08T07:33:19+00:00","dateModified":"2019-10-09T08:29:30+00:00","breadcrumb":{"@id":"https:\/\/imunteanu.com\/ro\/terms-and-conditions\/#breadcrumb"},"inLanguage":"ro-RO","potentialAction":[{"@type":"ReadAction","target":["https:\/\/imunteanu.com\/ro\/terms-and-conditions\/"]}]},{"@type":"BreadcrumbList","@id":"https:\/\/imunteanu.com\/ro\/terms-and-conditions\/#breadcrumb","itemListElement":[{"@type":"ListItem","position":1,"name":"Home","item":"https:\/\/imunteanu.com\/ro\/"},{"@type":"ListItem","position":2,"name":"Termeni \u0219i condi\u021bii"}]},{"@type":"WebSite","@id":"https:\/\/imunteanu.com\/ro\/#website","url":"https:\/\/imunteanu.com\/ro\/","name":"iMunteanu.com","description":"","publisher":{"@id":"https:\/\/imunteanu.com\/ro\/#\/schema\/person\/601f4f83c3d8535440cd02b96b7be132"},"potentialAction":[{"@type":"SearchAction","target":{"@type":"EntryPoint","urlTemplate":"https:\/\/imunteanu.com\/ro\/?s={search_term_string}"},"query-input":"required name=search_term_string"}],"inLanguage":"ro-RO"},{"@type":["Person","Organization"],"@id":"https:\/\/imunteanu.com\/ro\/#\/schema\/person\/601f4f83c3d8535440cd02b96b7be132","name":"Ionu\u021b Radu Munteanu","image":{"@type":"ImageObject","inLanguage":"ro-RO","@id":"https:\/\/imunteanu.com\/ro\/#\/schema\/person\/image\/","url":"https:\/\/secure.gravatar.com\/avatar\/50d58aa9761d409246e1243accf6d2c431c9e938d60f4013cdbe8040b278b25f?s=96&d=mm&r=g","contentUrl":"https:\/\/secure.gravatar.com\/avatar\/50d58aa9761d409246e1243accf6d2c431c9e938d60f4013cdbe8040b278b25f?s=96&d=mm&r=g","caption":"Ionu\u021b Radu Munteanu"},"logo":{"@id":"https:\/\/imunteanu.com\/ro\/#\/schema\/person\/image\/"},"description":"Cu o experien\u021b\u0103 de peste 15 ani \u015fi peste 20,000 ore de lucru \u00een Digital Marketing, 4 companii \u00eenfiin\u021bate \u0219i active \u00een pia\u021ba, m-am str\u0103duit constant s\u0103 construiesc sisteme care s\u0103 ajute oamenii s\u0103-\u015fi valorifice pasiunea. \u00cen tot acest timp, am ajutat mai mult de 500 companii s\u0103 \u00ee\u015fi creasc\u0103 cifra de afaceri \u015fi clientela. Am mentorat \u0219i contribuit la dezvoltarea a peste 50 de profesioni\u015fti, \u00eendrum\u00e2ndu-i \u00een cariera lor \u00een Digital Marketing pe care au ales-o. Am fondat agen\u021bia de performance media, WebDigital \u0219i am fondat \u0219i lansat solutia SaaS Reefkig. Sunt membru \u00een consiliul director IAB Romania \u0219i \u00een consiliul director CEE Digital Alliance. \u00cemi doresc s\u0103 asist \u00een dezvoltarea competen\u021belor \u00een pia\u021ba de digital marketing din Rom\u00e2nia, at\u00e2t pe speciali\u0219ti, c\u00e2t \u0219i pe antreprenori.","sameAs":["https:\/\/www.imunteanu.com","https:\/\/www.facebook.com\/irmunteanu\/","https:\/\/www.instagram.com\/follow.imunteanu\/","https:\/\/www.linkedin.com\/in\/imunteanu\/","https:\/\/x.com\/imunteanu","https:\/\/www.youtube.com\/channel\/UCW-fUwa8k8DZRlc85LT8ePA","https:\/\/soundcloud.com\/user-228862969"]}]}},"_links":{"self":[{"href":"https:\/\/imunteanu.com\/ro\/wp-json\/wp\/v2\/pages\/9602","targetHints":{"allow":["GET"]}}],"collection":[{"href":"https:\/\/imunteanu.com\/ro\/wp-json\/wp\/v2\/pages"}],"about":[{"href":"https:\/\/imunteanu.com\/ro\/wp-json\/wp\/v2\/types\/page"}],"author":[{"embeddable":true,"href":"https:\/\/imunteanu.com\/ro\/wp-json\/wp\/v2\/users\/2"}],"replies":[{"embeddable":true,"href":"https:\/\/imunteanu.com\/ro\/wp-json\/wp\/v2\/comments?post=9602"}],"version-history":[{"count":23,"href":"https:\/\/imunteanu.com\/ro\/wp-json\/wp\/v2\/pages\/9602\/revisions"}],"predecessor-version":[{"id":11629,"href":"https:\/\/imunteanu.com\/ro\/wp-json\/wp\/v2\/pages\/9602\/revisions\/11629"}],"wp:attachment":[{"href":"https:\/\/imunteanu.com\/ro\/wp-json\/wp\/v2\/media?parent=9602"}],"curies":[{"name":"wp","href":"https:\/\/api.w.org\/{rel}","templated":true}]}}